{"id":461,"date":"2020-09-09T02:44:46","date_gmt":"2020-09-09T02:44:46","guid":{"rendered":"https:\/\/peninsula360press.com\/?page_id=461"},"modified":"2025-01-19T13:38:54","modified_gmt":"2025-01-19T20:38:54","slug":"we","status":"publish","type":"page","link":"https:\/\/peninsula360press.com\/en\/we\/","title":{"rendered":"About us"},"content":{"rendered":"<p><em><strong>Peninsula 360 Press <\/strong><\/em>is a digital and traditional communications company created by Latin American immigrants in the United States. Our headquarters are located in Redwood City, California, the heart of Silicon Valley.<\/p>\r\n<p>Our goal is to amplify the voices of immigrant communities, especially in Latin America, as well as to report on local, national and international issues relevant to this sector of the population.<\/p>\r\n<p>We use collaborative journalism, social research, art, new technologies, print media and community radio to communicate and unite communities around social justice, human rights, democracy, health, culture and the environment.<\/p>\r\n\r\n\r\n\r\n\r\n\r\n\r\n\r\n<p>We are a group of immigrants of different nationalities, ways of thinking, professions and trades, who work in alliance with community organizations, media outlets, universities and companies.<\/p>\r\n\r\n\r\n\r\n<figure class=\"wp-block-image aligncenter size-large\"><img fetchpriority=\"high\" decoding=\"async\" width=\"874\" height=\"616\" class=\"wp-image-992\" src=\"https:\/\/peninsula360press.com\/wp-content\/uploads\/2020\/09\/Captura-de-Pantalla-2020-09-13-a-las-17.12.36.png\" alt=\"\" srcset=\"https:\/\/peninsula360press.com\/wp-content\/uploads\/2020\/09\/Captura-de-Pantalla-2020-09-13-a-las-17.12.36.png 874w, https:\/\/peninsula360press.com\/wp-content\/uploads\/2020\/09\/Captura-de-Pantalla-2020-09-13-a-las-17.12.36-300x211.png 300w, https:\/\/peninsula360press.com\/wp-content\/uploads\/2020\/09\/Captura-de-Pantalla-2020-09-13-a-las-17.12.36-768x541.png 768w, https:\/\/peninsula360press.com\/wp-content\/uploads\/2020\/09\/Captura-de-Pantalla-2020-09-13-a-las-17.12.36-450x317.png 450w, https:\/\/peninsula360press.com\/wp-content\/uploads\/2020\/09\/Captura-de-Pantalla-2020-09-13-a-las-17.12.36-780x550.png 780w\" sizes=\"(max-width: 874px) 100vw, 874px\" \/>\r\n<figcaption class=\"wp-element-caption\">Audiovisual narrative workshop for children and adolescents by Pen\u00ednsula 360 Press and Casa C\u00edrculo Cultural<\/figcaption>\r\n<\/figure>\r\n\r\n\r\n\r\n<figure class=\"wp-block-image size-large\"><img decoding=\"async\" width=\"1024\" height=\"683\" class=\"wp-image-9910\" src=\"https:\/\/peninsula360press.com\/wp-content\/uploads\/2022\/04\/DSC_0176-1024x683.jpg\" alt=\"\" srcset=\"https:\/\/peninsula360press.com\/wp-content\/uploads\/2022\/04\/DSC_0176-1024x683.jpg 1024w, https:\/\/peninsula360press.com\/wp-content\/uploads\/2022\/04\/DSC_0176-300x200.jpg 300w, https:\/\/peninsula360press.com\/wp-content\/uploads\/2022\/04\/DSC_0176-768x512.jpg 768w, https:\/\/peninsula360press.com\/wp-content\/uploads\/2022\/04\/DSC_0176-18x12.jpg 18w, https:\/\/peninsula360press.com\/wp-content\/uploads\/2022\/04\/DSC_0176-150x100.jpg 150w, https:\/\/peninsula360press.com\/wp-content\/uploads\/2022\/04\/DSC_0176-696x464.jpg 696w, https:\/\/peninsula360press.com\/wp-content\/uploads\/2022\/04\/DSC_0176-1068x712.jpg 1068w\" sizes=\"(max-width: 1024px) 100vw, 1024px\" \/>\r\n<figcaption class=\"wp-element-caption\">Community journalism workshop taught by Peninsula 360 Press to activists in San Mateo County, California, with support from the Silicon Valley Community Foundation.\u00a0<\/figcaption>\r\n<\/figure>\r\n\r\n\r\n\r\n<figure class=\"wp-block-image size-large\"><img decoding=\"async\" width=\"1024\" height=\"683\" class=\"wp-image-9915\" src=\"https:\/\/peninsula360press.com\/wp-content\/uploads\/2022\/04\/DSC_0190-1024x683.jpg\" alt=\"\" srcset=\"https:\/\/peninsula360press.com\/wp-content\/uploads\/2022\/04\/DSC_0190-1024x683.jpg 1024w, https:\/\/peninsula360press.com\/wp-content\/uploads\/2022\/04\/DSC_0190-300x200.jpg 300w, https:\/\/peninsula360press.com\/wp-content\/uploads\/2022\/04\/DSC_0190-768x512.jpg 768w, https:\/\/peninsula360press.com\/wp-content\/uploads\/2022\/04\/DSC_0190-18x12.jpg 18w, https:\/\/peninsula360press.com\/wp-content\/uploads\/2022\/04\/DSC_0190-150x100.jpg 150w, https:\/\/peninsula360press.com\/wp-content\/uploads\/2022\/04\/DSC_0190-696x464.jpg 696w, https:\/\/peninsula360press.com\/wp-content\/uploads\/2022\/04\/DSC_0190-1068x712.jpg 1068w\" sizes=\"(max-width: 1024px) 100vw, 1024px\" \/>\r\n<figcaption class=\"wp-element-caption\">Enrique Esparza, community reporter for Peninsula 360 Press, interviews a member of the Chinese community during the Lunar New Year Festival in Redwood City, California.<\/figcaption>\r\n<\/figure>\r\n\r\n\r\n\r\n<p>&nbsp;<\/p>\r\n\r\n\r\n\r\n<figure class=\"wp-block-image size-large\"><img loading=\"lazy\" decoding=\"async\" width=\"1024\" height=\"683\" class=\"wp-image-11276\" src=\"https:\/\/peninsula360press.com\/wp-content\/uploads\/2022\/06\/MOE_5674-3-1024x683.jpg\" alt=\"\" srcset=\"https:\/\/peninsula360press.com\/wp-content\/uploads\/2022\/06\/MOE_5674-3-1024x683.jpg 1024w, https:\/\/peninsula360press.com\/wp-content\/uploads\/2022\/06\/MOE_5674-3-300x200.jpg 300w, https:\/\/peninsula360press.com\/wp-content\/uploads\/2022\/06\/MOE_5674-3-768x512.jpg 768w, https:\/\/peninsula360press.com\/wp-content\/uploads\/2022\/06\/MOE_5674-3-18x12.jpg 18w, https:\/\/peninsula360press.com\/wp-content\/uploads\/2022\/06\/MOE_5674-3-150x100.jpg 150w, https:\/\/peninsula360press.com\/wp-content\/uploads\/2022\/06\/MOE_5674-3-696x464.jpg 696w, https:\/\/peninsula360press.com\/wp-content\/uploads\/2022\/06\/MOE_5674-3-1068x712.jpg 1068w\" sizes=\"(max-width: 1024px) 100vw, 1024px\" \/>\r\n<figcaption class=\"wp-element-caption\">Duvan Caro Tapia (right), a farmer and journalist, interviews residents of Montes de Mar\u00eda, a rural region in the Colombian Caribbean, during coverage of the Colombian presidential elections, which was conducted by Pen\u00ednsula 360 Press with the support of Global Exchange. Caro collaborates permanently with Pen\u00ednsla 360 Press on issues related to Afro-Latin American communities.<\/figcaption>\r\n<\/figure>\r\n\r\n\r\n\r\n<p class=\"has-text-align-center\"><strong>Founder and CEO<\/strong><br \/>Manuel Ortiz Esc\u00e1mez<br \/>manuel@peninsula360press.com<\/p>\r\n\r\n\r\n\r\n<p class=\"has-text-align-center\"><strong>CEO<\/strong><br \/>Anna Lee Mraz Bartra <br \/>annalee@peninsula360press.com<\/p>\r\n\r\n\r\n\r\n<p class=\"has-text-align-center\"><strong>Editor in Chief <\/strong><br \/>Pamela Cruz <br \/>pamela@peninsula360press.com\u00a0<\/p>\r\n\r\n\r\n\r\n<p class=\"has-text-align-center\"><strong>Audio and video coordinator <\/strong><br \/>Hans Leguizamo<br \/>hans@admin<\/p>\r\n\r\n\r\n\r\n\r\n\r\n<p class=\"has-text-align-center\"><strong>Contributors<\/strong><\/p>\r\n\r\n\r\n\r\n<p class=\"has-text-align-center\">Emma Garcia<\/p>\r\n<p>Raul Ayrala\u00a0<br \/><br \/>Emma Garcia\u00a0<\/p>\r\n<p>Gerardo Ortiz<\/p>\r\n\r\n\r\n\r\n\r\n\r\n<p class=\"has-text-align-center\">Irma Gallo<\/p>\r\n\r\n\r\n\r\n\r\n\r\n<p class=\"has-text-align-center\">Robert Diaz<br \/><br \/><strong>Internet and social networks <\/strong><\/p>\r\n\r\n\r\n\r\n\r\n\r\n<p class=\"has-text-align-center\">Andrea Hernandez<\/p>\r\n\r\n\r\n\r\n<p class=\"has-text-align-center\"><strong>Programmer <\/strong><br \/>Carlos Trujillo<br \/>carlos@peninsula360press.com<\/p>\r\n\r\n\r\n\r\n<p class=\"has-text-align-center\"><strong>Partners<\/strong><\/p>\r\n\r\n\r\n\r\n<p class=\"has-text-align-center\"><a href=\"http:\/\/ethnicmediaservices.org\" target=\"_blank\" rel=\"noopener\"><em>Ethnic Media Services<\/em> <\/a><br \/><br \/><em><a href=\"http:\/\/wevoterwc.org\" target=\"_blank\" rel=\"noopener\">We Vote Redwood City<\/a><\/em><\/p>\r\n\r\n\r\n\r\n<p class=\"has-text-align-center\"><a href=\"http:\/\/casacirculocultural.org\" target=\"_blank\" rel=\"noopener\">Casa Circulo Cultural<\/a><\/p>\r\n\r\n\r\n\r\n<p class=\"has-text-align-center\"><a href=\"https:\/\/www.siliconvalleycf.org\" target=\"_blank\" rel=\"noopener\">Silicon Valley Community Foundation <\/a><\/p>\r\n\r\n\r\n\r\n<p class=\"has-text-align-center\"><a href=\"https:\/\/globalexchange.org\" target=\"_blank\" rel=\"noopener\">Global Exchange<\/a><\/p>\r\n\r\n\r\n\r\n<p class=\"has-text-align-center\"><a href=\"https:\/\/newsforchinese.com\/v3\/\" target=\"_blank\" rel=\"noopener\">News for Chinese <\/a><\/p>\r\n\r\n\r\n\r\n<p class=\"has-text-align-center\"><a href=\"http:\/\/baycitynews.com\" target=\"_blank\" rel=\"noopener\">Bay City News <\/a><\/p>\r\n\r\n\r\n\r\n<p class=\"has-text-align-center\"><a href=\"http:\/\/e-immigrate.info\" target=\"_blank\" rel=\"noopener\">E-immigrant<\/a><\/p>\r\n\r\n\r\n\r\n<p class=\"has-text-align-center\"><a href=\"https:\/\/www.redwoodcityinternational.org\/\" target=\"_blank\" rel=\"noopener\">Redwood City International<\/a><\/p>\r\n\r\n\r\n\r\n<p class=\"has-text-align-center\"><a href=\"https:\/\/www.hechoencalifornia1010.com\" target=\"_blank\" rel=\"noopener\">Hecho en California<\/a><\/p>\r\n\r\n\r\n\r\n<p class=\"has-text-align-center\"><a href=\"https:\/\/molinoinformativo.com\" target=\"_blank\" rel=\"noreferrer noopener\">El Molino News <\/a><\/p>\r\n\r\n\r\n\r\n<p><a href=\"https:\/\/www.mundoabierto.info\/\" target=\"_blank\" rel=\"noopener\">Open world<\/a>\u00a0<\/p>\r\n<p class=\"has-text-align-center\"><a href=\"https:\/\/periodistasunidos.com.mx\" target=\"_blank\" rel=\"noopener\">Journalists United<\/a><\/p>\r\n\r\n\r\n\r\n<p class=\"has-text-align-center\">\u00a0<\/p>\r\n\r\n\r\n\r\n<p>&nbsp;<\/p>\r\n\r\n\r\n\r\n<p>&nbsp;<\/p>\r\n\r\n\r\n\r\n<p>&nbsp;<\/p>","protected":false},"excerpt":{"rendered":"<p>Pen\u00ednsula 360 Press es una empresa de comunicaci\u00f3n digital y tradicional creada por inmigrantes latinoamericanos en los Estados Unidos. Nuestra sede se encuentra en Redwood City, California, el coraz\u00f3n del Silicon Valley. Nuestro objetivo es amplificar las voces de las comunidades inmigrantes, sobre todo de Latinoam\u00e9rica, as\u00ed como informar sobre los asuntos locales, nacionales e [&hellip;]<\/p>","protected":false},"author":2,"featured_media":0,"parent":0,"menu_order":0,"comment_status":"closed","ping_status":"closed","template":"","meta":{"footnotes":""},"wf_page_folders":[],"class_list":["post-461","page","type-page","status-publish"],"_links":{"self":[{"href":"https:\/\/peninsula360press.com\/en\/wp-json\/wp\/v2\/pages\/461","targetHints":{"allow":["GET"]}}],"collection":[{"href":"https:\/\/peninsula360press.com\/en\/wp-json\/wp\/v2\/pages"}],"about":[{"href":"https:\/\/peninsula360press.com\/en\/wp-json\/wp\/v2\/types\/page"}],"author":[{"embeddable":true,"href":"https:\/\/peninsula360press.com\/en\/wp-json\/wp\/v2\/users\/2"}],"replies":[{"embeddable":true,"href":"https:\/\/peninsula360press.com\/en\/wp-json\/wp\/v2\/comments?post=461"}],"version-history":[{"count":5,"href":"https:\/\/peninsula360press.com\/en\/wp-json\/wp\/v2\/pages\/461\/revisions"}],"predecessor-version":[{"id":27867,"href":"https:\/\/peninsula360press.com\/en\/wp-json\/wp\/v2\/pages\/461\/revisions\/27867"}],"wp:attachment":[{"href":"https:\/\/peninsula360press.com\/en\/wp-json\/wp\/v2\/media?parent=461"}],"wp:term":[{"taxonomy":"wf_page_folders","embeddable":true,"href":"https:\/\/peninsula360press.com\/en\/wp-json\/wp\/v2\/wf_page_folders?post=461"}],"curies":[{"name":"wp","href":"https:\/\/api.w.org\/{rel}","templated":true}]}}