{"id":9586,"date":"2022-03-15T10:37:32","date_gmt":"2022-03-15T17:37:32","guid":{"rendered":"https:\/\/peninsula360press.com\/?page_id=9586"},"modified":"2022-04-18T13:21:28","modified_gmt":"2022-04-18T20:21:28","slug":"invisible-essential-migrant-workers","status":"publish","type":"page","link":"https:\/\/peninsula360press.com\/en\/invisible-essential-migrant-workers\/","title":{"rendered":"Invisible Essential Migrant Workers"},"content":{"rendered":"<p id=\"m_8171488667090198071gmail-docs-internal-guid-a3ddeab6-7fff-37d9-ded5-a1fd3ea26147\">The artwork presented here by documentary photographer Manuel Ortiz, curated by Pablo Corral an Ecuadorian photographer from National Geographic, is an effort to make visible the invisible essential migrant workers in our community.<\/p>\n\n\n\n<p>Do we ever truly stop to think where the food we pick up at the store comes from? Or who cleans our water waste? Many farmers, cooks, cleaners, and others portrayed here -mostly women- are invisible yet essential for the well-being and functionality of our everyday lives.<\/p>\n\n\n\n<p>These individuals live in the shadows, they had to migrate or seek refuge here in San Mateo County, they work jobs not many are willing to do, -sometimes their work is very hard, poorly paid, risky and unhealthy- and yet are never represented or talked about in the news.<\/p>\n\n\n\n<p>The purpose of this exhibit is to bridge gaps between ethnic communities, to recognize our similarities and differences in a diverse society. Value those who are there, but are not necessarily seen. This exhibit seeks visibility as a means to bridge understanding, therefore connect our community.<\/p>\n\n\n\n<p class=\"has-text-align-right\">Anna Lee Mraz Bartra<\/p>\n\n\n\n<p><\/p>\n\n\n\n<p><\/p>\n\n\n\n<p>La obra presentada aqu\u00ed por el fot\u00f3grafo documentalista Manuel Ortiz, curada por Pablo Corral, fot\u00f3grafo ecuatoriano de National Geographic, es un esfuerzo por visibilizar a los trabajadores migrantes esenciales e invisibles de nuestra comunidad.<\/p>\n\n\n\n<p>\u00bfRealmente nos detenemos a pensar de d\u00f3nde viene la comida que compramos en la tienda? \u00bfO en qui\u00e9n limpia nuestros residuos de agua? Muchas trabajadoras agr\u00edcolas, cocineros, empleados de la limpieza y otras retratadas aqu\u00ed -en su mayor\u00eda mujeres-, son invisibles pero esenciales para el bienestar y la funcionalidad de nuestra vida cotidiana.<\/p>\n\n\n\n<p>Estas personas viven en las sombras, han tenido que emigrar o buscar refugio aqu\u00ed en el condado de San Mateo, realizan trabajos que no muchos est\u00e1n dispuestos a hacer, -a veces su trabajo es muy duro, mal pagado, riesgoso e insalubre- y sin embargo nunca son representados ni se habla de ellos en las noticias.<\/p>\n\n\n\n<p>El prop\u00f3sito de esta exposici\u00f3n es crear un puente entre comunidades \u00e9tnicas para as\u00ed reconocer nuestras similitudes y diferencias en una sociedad diversa. Valorar a los que est\u00e1n ah\u00ed, pero que no necesariamente se ven. Esta exposici\u00f3n busca la visibilidad como una forma de establecer un v\u00ednculo de entendimiento y, por lo tanto, de conectar a nuestra comunidad.<\/p>\n\n\n\n<p class=\"has-text-align-right\">Anna Lee Mraz Bartra<\/p>\n\n\n\n<h1 class=\"wp-block-heading\"><strong>MELE BAIHOLA<\/strong><br><em>From Tonga <\/em>\/ <em>housecleaning<\/em>.<\/h1>\n\n\n\n<figure class=\"wp-block-image size-large\"><img fetchpriority=\"high\" decoding=\"async\" width=\"1024\" height=\"780\" src=\"https:\/\/peninsula360press.com\/wp-content\/uploads\/2022\/04\/Mele-Baihola-1024x780.jpeg\" alt=\"\" class=\"wp-image-9831\" srcset=\"https:\/\/peninsula360press.com\/wp-content\/uploads\/2022\/04\/Mele-Baihola-1024x780.jpeg 1024w, https:\/\/peninsula360press.com\/wp-content\/uploads\/2022\/04\/Mele-Baihola-300x229.jpeg 300w, https:\/\/peninsula360press.com\/wp-content\/uploads\/2022\/04\/Mele-Baihola-768x585.jpeg 768w, https:\/\/peninsula360press.com\/wp-content\/uploads\/2022\/04\/Mele-Baihola-16x12.jpeg 16w, https:\/\/peninsula360press.com\/wp-content\/uploads\/2022\/04\/Mele-Baihola-150x114.jpeg 150w, https:\/\/peninsula360press.com\/wp-content\/uploads\/2022\/04\/Mele-Baihola-696x530.jpeg 696w, https:\/\/peninsula360press.com\/wp-content\/uploads\/2022\/04\/Mele-Baihola-1068x814.jpeg 1068w\" sizes=\"(max-width: 1024px) 100vw, 1024px\" \/><\/figure>\n\n\n\n<figure class=\"wp-block-audio\"><audio controls src=\"https:\/\/peninsula360press.com\/wp-content\/uploads\/2022\/04\/Mele-Baihola.mp3\"><\/audio><\/figure>\n\n\n\n<p><\/p>\n\n\n\n<p><\/p>\n\n\n\n<h1 class=\"wp-block-heading\"><strong>GERARDO RAM\u00cdREZ<\/strong><br><em>Son of Mexican migrants Specialist in disinfection of medical instruments at Kaiser Permanente in Redwood City, including those used on patients during the COVID-19 pandemic.<\/em><\/h1>\n\n\n\n<figure class=\"wp-block-image size-large\"><img decoding=\"async\" width=\"1024\" height=\"780\" src=\"https:\/\/peninsula360press.com\/wp-content\/uploads\/2022\/04\/Gerardo-Ramirez-1024x780.jpeg\" alt=\"\" class=\"wp-image-9825\" srcset=\"https:\/\/peninsula360press.com\/wp-content\/uploads\/2022\/04\/Gerardo-Ramirez-1024x780.jpeg 1024w, https:\/\/peninsula360press.com\/wp-content\/uploads\/2022\/04\/Gerardo-Ramirez-300x229.jpeg 300w, https:\/\/peninsula360press.com\/wp-content\/uploads\/2022\/04\/Gerardo-Ramirez-768x585.jpeg 768w, https:\/\/peninsula360press.com\/wp-content\/uploads\/2022\/04\/Gerardo-Ramirez-16x12.jpeg 16w, https:\/\/peninsula360press.com\/wp-content\/uploads\/2022\/04\/Gerardo-Ramirez-150x114.jpeg 150w, https:\/\/peninsula360press.com\/wp-content\/uploads\/2022\/04\/Gerardo-Ramirez-696x530.jpeg 696w, https:\/\/peninsula360press.com\/wp-content\/uploads\/2022\/04\/Gerardo-Ramirez-1068x814.jpeg 1068w\" sizes=\"(max-width: 1024px) 100vw, 1024px\" \/><\/figure>\n\n\n\n<figure class=\"wp-block-audio\"><audio controls src=\"https:\/\/peninsula360press.com\/wp-content\/uploads\/2022\/04\/Gerardo-Ramirez.mp3\"><\/audio><\/figure>\n\n\n\n<p><\/p>\n\n\n\n<p><\/p>\n\n\n\n<h1 class=\"wp-block-heading\"><strong>EULALIA MENDOZA<\/strong><br><em>Oaxaca, Mexico Indigenous farm worker and covid vaccine promoter at Oxnard California<\/em>.<\/h1>\n\n\n\n<figure class=\"wp-block-image size-large\"><img decoding=\"async\" width=\"1024\" height=\"780\" src=\"https:\/\/peninsula360press.com\/wp-content\/uploads\/2022\/04\/Eulalia-Mendoza-1024x780.jpeg\" alt=\"\" class=\"wp-image-9824\" srcset=\"https:\/\/peninsula360press.com\/wp-content\/uploads\/2022\/04\/Eulalia-Mendoza-1024x780.jpeg 1024w, https:\/\/peninsula360press.com\/wp-content\/uploads\/2022\/04\/Eulalia-Mendoza-300x229.jpeg 300w, https:\/\/peninsula360press.com\/wp-content\/uploads\/2022\/04\/Eulalia-Mendoza-768x585.jpeg 768w, https:\/\/peninsula360press.com\/wp-content\/uploads\/2022\/04\/Eulalia-Mendoza-16x12.jpeg 16w, https:\/\/peninsula360press.com\/wp-content\/uploads\/2022\/04\/Eulalia-Mendoza-150x114.jpeg 150w, https:\/\/peninsula360press.com\/wp-content\/uploads\/2022\/04\/Eulalia-Mendoza-696x530.jpeg 696w, https:\/\/peninsula360press.com\/wp-content\/uploads\/2022\/04\/Eulalia-Mendoza-1068x814.jpeg 1068w\" sizes=\"(max-width: 1024px) 100vw, 1024px\" \/><\/figure>\n\n\n\n<figure class=\"wp-block-audio\"><audio controls src=\"https:\/\/peninsula360press.com\/wp-content\/uploads\/2022\/04\/Eulalia_mezcla.mp3\"><\/audio><figcaption><sup>espa\u00f1ol<\/sup><\/figcaption><\/figure>\n\n\n\n<figure class=\"wp-block-audio\"><audio controls src=\"https:\/\/peninsula360press.com\/wp-content\/uploads\/2022\/04\/Eulalia-Natividad-2.mp3\"><\/audio><figcaption><sup>English<\/sup><\/figcaption><\/figure>\n\n\n\n<p><\/p>\n\n\n\n<p><\/p>\n\n\n\n<h1 class=\"wp-block-heading\">RAMANA RESUME<strong><br><em>Fuji Islands Food service worker at the San Mateo County Jail in Redwood City, California.<\/em><\/strong><\/h1>\n\n\n\n<figure class=\"wp-block-image size-large\"><img loading=\"lazy\" decoding=\"async\" width=\"1024\" height=\"780\" src=\"https:\/\/peninsula360press.com\/wp-content\/uploads\/2022\/04\/Reenu-Ramana-1024x780.jpeg\" alt=\"\" class=\"wp-image-9832\" srcset=\"https:\/\/peninsula360press.com\/wp-content\/uploads\/2022\/04\/Reenu-Ramana-1024x780.jpeg 1024w, https:\/\/peninsula360press.com\/wp-content\/uploads\/2022\/04\/Reenu-Ramana-300x229.jpeg 300w, https:\/\/peninsula360press.com\/wp-content\/uploads\/2022\/04\/Reenu-Ramana-768x585.jpeg 768w, https:\/\/peninsula360press.com\/wp-content\/uploads\/2022\/04\/Reenu-Ramana-16x12.jpeg 16w, https:\/\/peninsula360press.com\/wp-content\/uploads\/2022\/04\/Reenu-Ramana-150x114.jpeg 150w, https:\/\/peninsula360press.com\/wp-content\/uploads\/2022\/04\/Reenu-Ramana-696x530.jpeg 696w, https:\/\/peninsula360press.com\/wp-content\/uploads\/2022\/04\/Reenu-Ramana-1068x814.jpeg 1068w\" sizes=\"(max-width: 1024px) 100vw, 1024px\" \/><\/figure>\n\n\n\n<figure class=\"wp-block-audio\"><audio controls src=\"https:\/\/peninsula360press.com\/wp-content\/uploads\/2022\/04\/Reenu-Ramana.mp3\"><\/audio><\/figure>\n\n\n\n<p><\/p>\n\n\n\n<p><\/p>\n\n\n\n<h1 class=\"wp-block-heading\">Koorinne Nickens<strong><br><em>Mother from Panama and father from Nicaragua Nanny and psychology student<\/em>.<\/strong><\/h1>\n\n\n\n<figure class=\"wp-block-image size-large\"><img loading=\"lazy\" decoding=\"async\" width=\"1024\" height=\"780\" src=\"https:\/\/peninsula360press.com\/wp-content\/uploads\/2022\/04\/Korinne-1024x780.jpeg\" alt=\"\" class=\"wp-image-9827\" srcset=\"https:\/\/peninsula360press.com\/wp-content\/uploads\/2022\/04\/Korinne-1024x780.jpeg 1024w, https:\/\/peninsula360press.com\/wp-content\/uploads\/2022\/04\/Korinne-300x229.jpeg 300w, https:\/\/peninsula360press.com\/wp-content\/uploads\/2022\/04\/Korinne-768x585.jpeg 768w, https:\/\/peninsula360press.com\/wp-content\/uploads\/2022\/04\/Korinne-16x12.jpeg 16w, https:\/\/peninsula360press.com\/wp-content\/uploads\/2022\/04\/Korinne-150x114.jpeg 150w, https:\/\/peninsula360press.com\/wp-content\/uploads\/2022\/04\/Korinne-696x530.jpeg 696w, https:\/\/peninsula360press.com\/wp-content\/uploads\/2022\/04\/Korinne-1068x814.jpeg 1068w\" sizes=\"(max-width: 1024px) 100vw, 1024px\" \/><\/figure>\n\n\n\n<figure class=\"wp-block-audio\"><audio controls src=\"https:\/\/peninsula360press.com\/wp-content\/uploads\/2022\/04\/Korinne.mp3\"><\/audio><\/figure>\n\n\n\n<p><\/p>\n\n\n\n<p><\/p>\n\n\n\n<h1 class=\"wp-block-heading\">CESNA TOO<strong><br><em>Descended from Italy and Malta FedEx Delivery Driver<\/em>.<\/strong><\/h1>\n\n\n\n<figure class=\"wp-block-image size-large\"><img loading=\"lazy\" decoding=\"async\" width=\"1024\" height=\"780\" src=\"https:\/\/peninsula360press.com\/wp-content\/uploads\/2022\/04\/Cesna-Too-1024x780.jpeg\" alt=\"\" class=\"wp-image-9823\" srcset=\"https:\/\/peninsula360press.com\/wp-content\/uploads\/2022\/04\/Cesna-Too-1024x780.jpeg 1024w, https:\/\/peninsula360press.com\/wp-content\/uploads\/2022\/04\/Cesna-Too-300x229.jpeg 300w, https:\/\/peninsula360press.com\/wp-content\/uploads\/2022\/04\/Cesna-Too-768x585.jpeg 768w, https:\/\/peninsula360press.com\/wp-content\/uploads\/2022\/04\/Cesna-Too-16x12.jpeg 16w, https:\/\/peninsula360press.com\/wp-content\/uploads\/2022\/04\/Cesna-Too-150x114.jpeg 150w, https:\/\/peninsula360press.com\/wp-content\/uploads\/2022\/04\/Cesna-Too-696x530.jpeg 696w, https:\/\/peninsula360press.com\/wp-content\/uploads\/2022\/04\/Cesna-Too-1068x814.jpeg 1068w\" sizes=\"(max-width: 1024px) 100vw, 1024px\" \/><\/figure>\n\n\n\n<figure class=\"wp-block-audio\"><audio controls src=\"https:\/\/peninsula360press.com\/wp-content\/uploads\/2022\/04\/cesna.mp3\"><\/audio><\/figure>\n\n\n\n<p><\/p>\n\n\n\n<p><\/p>\n\n\n\n<h1 class=\"wp-block-heading\"><strong>MARCELLO ANJOS<\/strong><br><em>Brazil, Dog groomer<\/em>.<\/h1>\n\n\n\n<figure class=\"wp-block-image size-large\"><img loading=\"lazy\" decoding=\"async\" width=\"1024\" height=\"780\" src=\"https:\/\/peninsula360press.com\/wp-content\/uploads\/2022\/04\/Marcello-Anjos-1024x780.jpeg\" alt=\"\" class=\"wp-image-9828\" srcset=\"https:\/\/peninsula360press.com\/wp-content\/uploads\/2022\/04\/Marcello-Anjos-1024x780.jpeg 1024w, https:\/\/peninsula360press.com\/wp-content\/uploads\/2022\/04\/Marcello-Anjos-300x229.jpeg 300w, https:\/\/peninsula360press.com\/wp-content\/uploads\/2022\/04\/Marcello-Anjos-768x585.jpeg 768w, https:\/\/peninsula360press.com\/wp-content\/uploads\/2022\/04\/Marcello-Anjos-16x12.jpeg 16w, https:\/\/peninsula360press.com\/wp-content\/uploads\/2022\/04\/Marcello-Anjos-150x114.jpeg 150w, https:\/\/peninsula360press.com\/wp-content\/uploads\/2022\/04\/Marcello-Anjos-696x530.jpeg 696w, https:\/\/peninsula360press.com\/wp-content\/uploads\/2022\/04\/Marcello-Anjos-1068x814.jpeg 1068w\" sizes=\"(max-width: 1024px) 100vw, 1024px\" \/><figcaption> <\/figcaption><\/figure>\n\n\n\n<figure class=\"wp-block-audio\"><audio controls src=\"https:\/\/peninsula360press.com\/wp-content\/uploads\/2022\/04\/Marcello_mezcla.mp3\"><\/audio><figcaption><sup>espa\u00f1ol<\/sup><\/figcaption><\/figure>\n\n\n\n<figure class=\"wp-block-audio\"><audio controls src=\"https:\/\/peninsula360press.com\/wp-content\/uploads\/2022\/04\/Marcello-Anjos.mp3\"><\/audio><figcaption><sup>Portugu\u00eas<\/sup><\/figcaption><\/figure>\n\n\n\n<p><\/p>\n\n\n\n<p><\/p>\n\n\n\n<h1 class=\"wp-block-heading\">STEVE SILVA <strong><br><em>Son of Mexican migrants Technician for ATNT, Works on fiber optic maintenance in Redwood City<\/em>.<\/strong><\/h1>\n\n\n\n<figure class=\"wp-block-image size-large\"><img loading=\"lazy\" decoding=\"async\" width=\"780\" height=\"1024\" src=\"https:\/\/peninsula360press.com\/wp-content\/uploads\/2022\/04\/Steve-Silva-780x1024.jpeg\" alt=\"\" class=\"wp-image-9833\" srcset=\"https:\/\/peninsula360press.com\/wp-content\/uploads\/2022\/04\/Steve-Silva-780x1024.jpeg 780w, https:\/\/peninsula360press.com\/wp-content\/uploads\/2022\/04\/Steve-Silva-229x300.jpeg 229w, https:\/\/peninsula360press.com\/wp-content\/uploads\/2022\/04\/Steve-Silva-768x1008.jpeg 768w, https:\/\/peninsula360press.com\/wp-content\/uploads\/2022\/04\/Steve-Silva-9x12.jpeg 9w, https:\/\/peninsula360press.com\/wp-content\/uploads\/2022\/04\/Steve-Silva-150x197.jpeg 150w, https:\/\/peninsula360press.com\/wp-content\/uploads\/2022\/04\/Steve-Silva-300x394.jpeg 300w, https:\/\/peninsula360press.com\/wp-content\/uploads\/2022\/04\/Steve-Silva-696x914.jpeg 696w, https:\/\/peninsula360press.com\/wp-content\/uploads\/2022\/04\/Steve-Silva.jpeg 975w\" sizes=\"(max-width: 780px) 100vw, 780px\" \/><\/figure>\n\n\n\n<figure class=\"wp-block-audio\"><audio controls src=\"https:\/\/peninsula360press.com\/wp-content\/uploads\/2022\/04\/Steve-Silva.mp3\"><\/audio><\/figure>\n\n\n\n<p><\/p>\n\n\n\n<p><\/p>\n\n\n\n<h1 class=\"wp-block-heading\">GURPAL SANDHU <strong><br><em>India, Technician at Silicon Valley Clean Water<\/em>.<\/strong><\/h1>\n\n\n\n<figure class=\"wp-block-image size-large\"><img loading=\"lazy\" decoding=\"async\" width=\"1024\" height=\"780\" src=\"https:\/\/peninsula360press.com\/wp-content\/uploads\/2022\/04\/Gurpal-Sandhu-1024x780.jpeg\" alt=\"\" class=\"wp-image-9826\" srcset=\"https:\/\/peninsula360press.com\/wp-content\/uploads\/2022\/04\/Gurpal-Sandhu-1024x780.jpeg 1024w, https:\/\/peninsula360press.com\/wp-content\/uploads\/2022\/04\/Gurpal-Sandhu-300x229.jpeg 300w, https:\/\/peninsula360press.com\/wp-content\/uploads\/2022\/04\/Gurpal-Sandhu-768x585.jpeg 768w, https:\/\/peninsula360press.com\/wp-content\/uploads\/2022\/04\/Gurpal-Sandhu-16x12.jpeg 16w, https:\/\/peninsula360press.com\/wp-content\/uploads\/2022\/04\/Gurpal-Sandhu-150x114.jpeg 150w, https:\/\/peninsula360press.com\/wp-content\/uploads\/2022\/04\/Gurpal-Sandhu-696x530.jpeg 696w, https:\/\/peninsula360press.com\/wp-content\/uploads\/2022\/04\/Gurpal-Sandhu-1068x814.jpeg 1068w\" sizes=\"(max-width: 1024px) 100vw, 1024px\" \/><\/figure>\n\n\n\n<figure class=\"wp-block-audio\"><audio controls src=\"https:\/\/peninsula360press.com\/wp-content\/uploads\/2022\/04\/Gurpal-Sandhu.mp3\"><\/audio><\/figure>\n\n\n\n<p><\/p>\n\n\n\n<p><\/p>\n\n\n\n<h1 class=\"wp-block-heading\">MELANY <strong><br><em>Vietnam, Restaurant manager, Homeskillet, Redwood City<\/em>.<\/strong><\/h1>\n\n\n\n<figure class=\"wp-block-image size-large\"><img loading=\"lazy\" decoding=\"async\" width=\"1024\" height=\"780\" src=\"https:\/\/peninsula360press.com\/wp-content\/uploads\/2022\/04\/Melany-1024x780.jpeg\" alt=\"\" class=\"wp-image-9830\" srcset=\"https:\/\/peninsula360press.com\/wp-content\/uploads\/2022\/04\/Melany-1024x780.jpeg 1024w, https:\/\/peninsula360press.com\/wp-content\/uploads\/2022\/04\/Melany-300x229.jpeg 300w, https:\/\/peninsula360press.com\/wp-content\/uploads\/2022\/04\/Melany-768x585.jpeg 768w, https:\/\/peninsula360press.com\/wp-content\/uploads\/2022\/04\/Melany-16x12.jpeg 16w, https:\/\/peninsula360press.com\/wp-content\/uploads\/2022\/04\/Melany-150x114.jpeg 150w, https:\/\/peninsula360press.com\/wp-content\/uploads\/2022\/04\/Melany-696x530.jpeg 696w, https:\/\/peninsula360press.com\/wp-content\/uploads\/2022\/04\/Melany-1068x814.jpeg 1068w\" sizes=\"(max-width: 1024px) 100vw, 1024px\" \/><figcaption> <\/figcaption><\/figure>\n\n\n\n<p><\/p>\n\n\n\n<p><\/p>\n\n\n\n<h1 class=\"wp-block-heading\">MART\u00cdN <strong><br><em>Michoac\u00e1n, M\u00e9xico Chef at Homeskillet, Redwood City<\/em><\/strong><\/h1>\n\n\n\n<figure class=\"wp-block-image size-large\"><img loading=\"lazy\" decoding=\"async\" width=\"780\" height=\"1024\" src=\"https:\/\/peninsula360press.com\/wp-content\/uploads\/2022\/04\/Martin-780x1024.jpeg\" alt=\"\" class=\"wp-image-9829\" srcset=\"https:\/\/peninsula360press.com\/wp-content\/uploads\/2022\/04\/Martin-780x1024.jpeg 780w, https:\/\/peninsula360press.com\/wp-content\/uploads\/2022\/04\/Martin-229x300.jpeg 229w, https:\/\/peninsula360press.com\/wp-content\/uploads\/2022\/04\/Martin-768x1008.jpeg 768w, https:\/\/peninsula360press.com\/wp-content\/uploads\/2022\/04\/Martin-9x12.jpeg 9w, https:\/\/peninsula360press.com\/wp-content\/uploads\/2022\/04\/Martin-150x197.jpeg 150w, https:\/\/peninsula360press.com\/wp-content\/uploads\/2022\/04\/Martin-300x394.jpeg 300w, https:\/\/peninsula360press.com\/wp-content\/uploads\/2022\/04\/Martin-696x914.jpeg 696w, https:\/\/peninsula360press.com\/wp-content\/uploads\/2022\/04\/Martin.jpeg 975w\" sizes=\"(max-width: 780px) 100vw, 780px\" \/><\/figure>","protected":false},"excerpt":{"rendered":"<p>The artwork presented here by documentary photographer Manuel Ortiz, curated by Pablo Corral an Ecuadorian photographer from National Geographic, is an effort to make visible the invisible essential migrant workers in our community. Do we ever truly stop to think where the food we pick up at the store comes from? Or who cleans our water [\u2026]<\/p>","protected":false},"author":2,"featured_media":0,"parent":0,"menu_order":0,"comment_status":"closed","ping_status":"closed","template":"","meta":{"footnotes":""},"wf_page_folders":[],"class_list":["post-9586","page","type-page","status-publish"],"_links":{"self":[{"href":"https:\/\/peninsula360press.com\/en\/wp-json\/wp\/v2\/pages\/9586","targetHints":{"allow":["GET"]}}],"collection":[{"href":"https:\/\/peninsula360press.com\/en\/wp-json\/wp\/v2\/pages"}],"about":[{"href":"https:\/\/peninsula360press.com\/en\/wp-json\/wp\/v2\/types\/page"}],"author":[{"embeddable":true,"href":"https:\/\/peninsula360press.com\/en\/wp-json\/wp\/v2\/users\/2"}],"replies":[{"embeddable":true,"href":"https:\/\/peninsula360press.com\/en\/wp-json\/wp\/v2\/comments?post=9586"}],"version-history":[{"count":5,"href":"https:\/\/peninsula360press.com\/en\/wp-json\/wp\/v2\/pages\/9586\/revisions"}],"predecessor-version":[{"id":9942,"href":"https:\/\/peninsula360press.com\/en\/wp-json\/wp\/v2\/pages\/9586\/revisions\/9942"}],"wp:attachment":[{"href":"https:\/\/peninsula360press.com\/en\/wp-json\/wp\/v2\/media?parent=9586"}],"wp:term":[{"taxonomy":"wf_page_folders","embeddable":true,"href":"https:\/\/peninsula360press.com\/en\/wp-json\/wp\/v2\/wf_page_folders?post=9586"}],"curies":[{"name":"wp","href":"https:\/\/api.w.org\/{rel}","templated":true}]}}