{"id":5947,"date":"2021-06-03T15:23:53","date_gmt":"2021-06-03T22:23:53","guid":{"rendered":"https:\/\/peninsula360press.com\/?page_id=5947"},"modified":"2021-10-08T14:02:56","modified_gmt":"2021-10-08T21:02:56","slug":"contactanos","status":"publish","type":"page","link":"https:\/\/peninsula360press.com\/es_mx\/contactanos\/","title":{"rendered":"Cont\u00e1ctanos"},"content":{"rendered":"<div id=\"tdi_1\" class=\"tdc-zone\"><div class=\"tdc_zone tdi_2  wpb_row td-pb-row\"  >\n<style scoped>\n\/* custom css - generated by TagDiv Composer *\/\n\n\/* custom css - generated by TagDiv Composer *\/\n.tdi_2{\r\n                    min-height: 0;\r\n                }\n<\/style><div id=\"tdi_3\" class=\"tdc-row\"><div class=\"vc_row tdi_4  wpb_row td-pb-row\" >\n<style scoped>\n\/* custom css - generated by TagDiv Composer *\/\n\n\/* custom css - generated by TagDiv Composer *\/\n.tdi_4,\r\n                .tdi_4 .tdc-columns{\r\n                    min-height: 0;\r\n                }.tdi_4,\r\n\t\t\t\t.tdi_4 .tdc-columns{\r\n\t\t\t\t    display: block;\r\n\t\t\t\t}.tdi_4 .tdc-columns{\r\n\t\t\t\t    width: 100%;\r\n\t\t\t\t}.tdi_4:before,\r\n\t\t\t\t.tdi_4:after{\r\n\t\t\t\t    display: table;\r\n\t\t\t\t}\n<\/style><div class=\"vc_column tdi_6  wpb_column vc_column_container tdc-column td-pb-span12\">\n<style scoped>\n\/* custom css - generated by TagDiv Composer *\/\n\n\/* custom css - generated by TagDiv Composer *\/\n.tdi_6{\r\n                    vertical-align: baseline;\r\n                }.tdi_6 > .wpb_wrapper,\r\n\t\t\t\t.tdi_6 > .wpb_wrapper > .tdc-elements{\r\n\t\t\t\t    display: flex;\r\n\t\t\t\t\r\n\t\t\t\t    flex-direction: row;\r\n\t\t\t\t\r\n\t\t\t\t    flex-wrap: nowrap;\r\n\t\t\t\t\r\n\t\t\t\t    justify-content: flex-start;\r\n\t\t\t\t\r\n\t\t\t\t    align-items: flex-start;\r\n\t\t\t\t}.tdi_6 > .wpb_wrapper > .tdc-elements{\r\n\t\t\t\t    width: 100%;\r\n\t\t\t\t}.tdi_6 > .wpb_wrapper > .vc_row_inner{\r\n\t\t\t\t    width: auto;\r\n\t\t\t\t}.tdi_6 > .wpb_wrapper{\r\n\t\t\t\t    width: 100%;\r\n\t\t\t\t    height: 100%;\r\n\t\t\t\t}\n<\/style><div class=\"wpb_wrapper\" ><\/div><\/div><\/div><\/div><div id=\"tdi_7\" class=\"tdc-row\"><div class=\"vc_row tdi_8  wpb_row td-pb-row\" >\n<style scoped>\n\/* custom css - generated by TagDiv Composer *\/\n\n\/* custom css - generated by TagDiv Composer *\/\n.tdi_8,\r\n                .tdi_8 .tdc-columns{\r\n                    min-height: 0;\r\n                }.tdi_8,\r\n\t\t\t\t.tdi_8 .tdc-columns{\r\n\t\t\t\t    display: block;\r\n\t\t\t\t}.tdi_8 .tdc-columns{\r\n\t\t\t\t    width: 100%;\r\n\t\t\t\t}.tdi_8:before,\r\n\t\t\t\t.tdi_8:after{\r\n\t\t\t\t    display: table;\r\n\t\t\t\t}\n<\/style><div class=\"vc_column tdi_10  wpb_column vc_column_container tdc-column td-pb-span4\">\n<style scoped>\n\/* custom css - generated by TagDiv Composer *\/\n\n\/* custom css - generated by TagDiv Composer *\/\n.tdi_10{\r\n                    vertical-align: baseline;\r\n                }.tdi_10 > .wpb_wrapper,\r\n\t\t\t\t.tdi_10 > .wpb_wrapper > .tdc-elements{\r\n\t\t\t\t    display: block;\r\n\t\t\t\t}.tdi_10 > .wpb_wrapper > .tdc-elements{\r\n\t\t\t\t    width: 100%;\r\n\t\t\t\t}.tdi_10 > .wpb_wrapper > .vc_row_inner{\r\n\t\t\t\t    width: auto;\r\n\t\t\t\t}.tdi_10 > .wpb_wrapper{\r\n\t\t\t\t    width: auto;\r\n\t\t\t\t    height: auto;\r\n\t\t\t\t}\n<\/style><div class=\"wpb_wrapper\" ><div class=\"td_block_wrap td_block_social_counter tdi_11 td-pb-border-top td_block_template_8\">\n<style>\n.td_block_template_8.widget > ul > li {\r\n                margin-left: 0 !important;\r\n            }\r\n            .td_block_template_8 .td-block-title {\r\n                font-size: 20px;\r\n                font-weight: 800;\r\n                margin-top: 0;\r\n                margin-bottom: 18px;\r\n                line-height: 29px;\r\n                position: relative;\r\n                overflow: hidden;\r\n                text-align: left;\r\n            }\r\n            .td_block_template_8 .td-block-title > * {\r\n                position: relative;\r\n                padding-right: 20px;\r\n                color: var(--td_text_header_color, #000);\r\n            }\r\n            .td_block_template_8 .td-block-title > *:before,\r\n            .td_block_template_8 .td-block-title > *:after {\r\n                content: '';\r\n                display: block;\r\n                height: 4px;\r\n                position: absolute;\r\n                top: 50%;\r\n                margin-top: -2px;\r\n                width: 2000px;\r\n                background-color: #f5f5f5;\r\n            }\r\n            .td_block_template_8 .td-block-title > *:before {\r\n                left: 100%;\r\n            }\r\n            .td_block_template_8 .td-block-title > *:after {\r\n                right: 100%;\r\n            }\r\n            @media (max-width: 767px) {\r\n                .td_block_template_8 .td-related-title a {\r\n                    font-size: 15px;\r\n                }\r\n            }\r\n            .td_block_template_8 .td-related-title a:before {\r\n                display: none;\r\n            }\r\n            .td_block_template_8 .td-related-title a:first-child:after {\r\n                display: none;\r\n            }\r\n            .td_block_template_8 .td-related-title a:last-child:after {\r\n                left: 100%;\r\n                right: auto;\r\n            }\r\n            .td_block_template_8 .td-related-title .td-cur-simple-item {\r\n                color: var(--td_theme_color, #4db2ec);\r\n            }\r\n            \r\n\r\n            \r\n            .tdi_11 .td-block-title > *:before,\r\n            .tdi_11 .td-block-title > *:after {\r\n                background-color: #ea1889 !important;\r\n            }\n<\/style>\n<style>\n\/* custom css - generated by TagDiv Composer *\/\n.td_block_social_counter{\r\n                        font-family: var(--td_default_google_font_1, 'Open Sans', 'Open Sans Regular', sans-serif);\r\n                        font-weight: bold;\r\n                        font-size: 11px;\r\n                        color: #fff;\r\n                        margin-bottom: 47px;\r\n                    }.td_block_social_counter .td-sp{\r\n                        position: relative;\r\n                    }.td_block_social_counter .td-sp:after{\r\n                        content: '';\r\n                        width: 1px;\r\n                        height: 16px;\r\n                        background-color: rgba(255, 255, 255, 0.1);\r\n                        position: absolute;\r\n                        right: -1px;\r\n                        top: 8px;\r\n                    }.td-social-list{\r\n                        *zoom: 1;\r\n                    }.td-social-list:before,\r\n                    .td-social-list:after{\r\n                        display: table;\r\n                        content: '';\r\n                        line-height: 0;\r\n                    }.td-social-list:after{\r\n                        clear: both;\r\n                    }.td_social_type{\r\n                        width: 100%;\r\n                        margin-bottom: 10px;\r\n                        -webkit-transition: background-color 0.20s cubic-bezier(0, 0, 0.58, 1) 0s;\r\n                        transition: background-color 0.20s cubic-bezier(0, 0, 0.58, 1) 0s;\r\n                    }.td_social_type:last-child{\r\n                        margin-bottom: 0;\r\n                    }.td_social_type:hover .td-social-box{\r\n                        background-color: #222;\r\n                    }.td_social_type .td_social_info{\r\n                        padding: 0 0 0 9px;\r\n                        position: relative;\r\n                        top: -12px;\r\n                    }.td_social_type .td-social-box{\r\n                        height: 32px;\r\n                        position: relative;\r\n                        overflow: hidden;\r\n                    }.td_social_type .td-social-box .td-sp{\r\n                        display: inline-block;\r\n                    }.td_social_type .td_social_number{\r\n                        border-left: 1px solid rgba(255, 255, 255, 0.1);\r\n                        padding-left: 9px;\r\n                    }.td_social_type .td_social_button{\r\n                        float: right;\r\n                        border-left: 1px solid rgba(255, 255, 255, 0.1);\r\n                        padding: 0 14px;\r\n                        margin-top: 8px;\r\n                        top: 9px;\r\n                        height: 16px;\r\n                        line-height: 15px;\r\n                        text-transform: uppercase;\r\n                    }.td_social_type .td_social_button a{\r\n                        color: #fff;\r\n                    }.td_social_type .td_social_button a:after{\r\n                        content: '';\r\n                        display: block;\r\n                        height: 32px;\r\n                        position: absolute;\r\n                        right: 0;\r\n                        top: 0;\r\n                        width: 324px;\r\n                    }.td_social_type .td_social_button a:hover{\r\n                        color: inherit;\r\n                        text-decoration: none !important;\r\n                    }.td_social_type a{\r\n                        color: #fff;\r\n                    }.td_social_facebook .td-social-box{\r\n                        background-color: #516eab;\r\n                    }.td_social_rss .td-social-box{\r\n                        background-color: #ff6600;\r\n                    }.td_social_soundcloud .td-social-box{\r\n                        background-color: #ff5419;\r\n                    }.td_social_twitter .td-social-box{\r\n                        background-color: #29c5f6;\r\n                    }.td_social_vimeo .td-social-box{\r\n                        background-color: #006599;\r\n                    }.td_social_youtube .td-social-box{\r\n                        background-color: #e14e42;\r\n                    }.td_social_instagram .td-social-box{\r\n                        background-color: #417096;\r\n                    }.td_social_pinterest .td-social-box{\r\n                        background-color: #ca212a;\r\n                    }.td_social_tiktok .td-social-box{\r\n                        background-color: #009191;\r\n                    }.td_social_twitch .td-social-box{\r\n                        background-color: #9147FF;\r\n                    }.td_social_steam .td-social-box{\r\n                        background-color: #c7d5e0;\r\n                    }.td-social-boxed .td_social_type{\r\n                        text-align: center;\r\n                        width: 33.3333%;\r\n                        margin: 0;\r\n                        float: left;\r\n                    }.td-social-boxed .td_social_type .td-social-box{\r\n                        height: 100px;\r\n                    }.td-social-boxed .td_social_type span{\r\n                        display: block;\r\n                        width: 100%;\r\n                        padding: 0;\r\n                    }.td-social-boxed .td-sp{\r\n                        margin-top: 10px;\r\n                    }.td-social-boxed .td-sp::after{\r\n                        display: none;\r\n                    }.td-social-boxed .td_social_info{\r\n                        font-size: 17px;\r\n                        top: 0;\r\n                    }.td-social-boxed .td_social_info_name{\r\n                        font-size: 13px;\r\n                        font-weight: normal;\r\n                    }.td-social-boxed .td_social_button{\r\n                        opacity: 0;\r\n                        position: absolute;\r\n                        height: 100%;\r\n                        margin-top: 0;\r\n                        top: 0;\r\n                    }.td-social-boxed .td_social_button a:after{\r\n                        width: 100%;\r\n                        height: 100%;\r\n                    }.td-social-colored .td_social_facebook .td-sp{\r\n                        background-color: #516eab;\r\n                    }.td-social-colored .td_social_rss .td-sp{\r\n                        background-color: #ff6600;\r\n                    }.td-social-colored .td_social_soundcloud .td-sp{\r\n                        background-color: #ff5419;\r\n                    }.td-social-colored .td_social_twitter .td-sp{\r\n                        background-color: #29c5f6;\r\n                    }.td-social-colored .td_social_vimeo .td-sp{\r\n                        background-color: #006599;\r\n                    }.td-social-colored .td_social_youtube .td-sp{\r\n                        background-color: #e14e42;\r\n                    }.td-social-colored .td_social_instagram .td-sp{\r\n                        background-color: #417096;\r\n                    }.td-social-colored .td_social_pinterest .td-sp{\r\n                        background-color: #ca212a;\r\n                    }.td-social-colored .td_social_tiktok .td-sp{\r\n                        background-color: #009191;\r\n                    }.td-social-colored .td_social_twitch .td-sp{\r\n                        background-color: #9147FF;\r\n                    }.td-social-colored .td_social_steam .td-sp{\r\n                        background-color: #c7d5e0;\r\n                    }.td-social-font-icons .td-sp{\r\n                        background: none;\r\n                        font-family: 'newspaper', sans-serif;\r\n                        font-size: 14px;\r\n                        text-align: center;\r\n                        font-weight: normal;\r\n                    }.td-social-font-icons .td-sp:before{\r\n                        position: absolute;\r\n                        top: 0;\r\n                        left: 0;\r\n                        right: 0;\r\n                        line-height: 30px;\r\n                    }.td-social-font-icons .td_social_facebook .td-sp:before{\r\n                        content: '\\e818';\r\n                        color: #516eab;\r\n                    }.td-social-font-icons .td_social_rss .td-sp:before{\r\n                        content: '\\e828';\r\n                        color: #ff6600;\r\n                    }.td-social-font-icons .td_social_soundcloud .td-sp:before{\r\n                        content: '\\e82b';\r\n                        color: #ff5419;\r\n                    }.td-social-font-icons .td_social_twitter .td-sp:before{\r\n                        content: '\\e831';\r\n                            color: #000;\r\n                    }.td-social-font-icons .td_social_vimeo .td-sp:before{\r\n                        content: '\\e832';\r\n                        color: #006599;\r\n                    }.td-social-font-icons .td_social_youtube .td-sp:before{\r\n                        content: '\\e836';\r\n                        color: #e14e42;\r\n                    }.td-social-font-icons .td_social_instagram .td-sp:before{\r\n                        content: '\\e81d';\r\n                        color: #417096;\r\n                    }.td-social-font-icons .td_social_pinterest .td-sp:before{\r\n                        content: '\\e825';\r\n                        color: #ca212a;\r\n                    }.td-social-font-icons .td_social_tiktok .td-sp:before{\r\n                        content: '\\e9d6';\r\n                        color: #009191;\r\n                    }.td-social-font-icons .td_social_twitch .td-sp:before{\r\n                        content: '\\e909';\r\n                        color: #9147FF;\r\n                    }.td-social-font-icons .td_social_steam .td-sp:before{\r\n                        content: '\\e939';\r\n                        color: #1b2838;\r\n                    }div.tdi_11 .td-block-title a,\r\n                    div.tdi_11 .td-block-title span{\r\n                        font-family:Rubik !important;font-size:17px !important;font-weight:500 !important;\r\n                    }@media (min-width: 1019px) and (max-width: 1140px) {\r\n                        .td_social_type .td_social_button a:after {\r\n                            width: 300px;\r\n                        }\r\n                    }@media (min-width: 768px) and (max-width: 1018px) {\r\n                        .td_social_type .td_social_button a:after {\r\n                            width: 228px;\r\n                        }\r\n                    }@media (max-width: 767px) {\r\n                        .td_social_type .td_social_button a:after {\r\n                            width: 100%;\r\n                        }\r\n                    }@media (min-width: 768px) and (max-width: 1018px) {\r\n                        .td-social-boxed .td_social_type .td-social-box {\r\n                            height: 70px;\r\n                        }\r\n                    }@media (min-width: 768px) and (max-width: 1018px) {\r\n                        .td-social-boxed .td-sp {\r\n                            margin-top: 4px;\r\n                        }\r\n                    }@media (min-width: 768px) and (max-width: 1018px) {\r\n                        .td-social-boxed .td_social_info {\r\n                            font-size: 13px;\r\n                            top: -12px;\r\n                        }\r\n                    }@media (min-width: 768px) and (max-width: 1018px) {\r\n                        .td-social-boxed .td_social_info_name {\r\n                            top: -17px;\r\n                            font-size: 10px;\r\n                        }\r\n                    }\n<\/style><div class=\"td-block-title-wrap\"><h4 class=\"td-block-title\"><span>Redes Sociales<\/span><\/h4><\/div><div class=\"td-social-list\"><div class=\"td_social_type td-pb-margin-side td_social_facebook\"><div class=\"td-social-box\"><div class=\"td-sp td-sp-facebook\"><\/div><span class=\"td_social_info td_social_info_counter\">951<\/span><span class=\"td_social_info td_social_info_name\">Fans<\/span><span class=\"td_social_button\"><a href=\"https:\/\/www.facebook.com\/Peninsula360Press\" target=\"_blank\" rel=\"noopener\">Like<\/a><\/span><\/div><\/div><div class=\"td_social_type td-pb-margin-side td_social_instagram\"><div class=\"td-social-box\"><div class=\"td-sp td-sp-instagram\"><\/div><span class=\"td_social_info td_social_info_counter\">2,114<\/span><span class=\"td_social_info td_social_info_name\">Followers<\/span><span class=\"td_social_button\"><a href=\"https:\/\/instagram.com\/peninsula360press#\" target=\"_blank\" rel=\"noopener\">Follow<\/a><\/span><\/div><\/div><div class=\"td_social_type td-pb-margin-side td_social_twitter\"><div class=\"td-social-box\"><div class=\"td-sp td-sp-twitter\"><\/div><span class=\"td_social_info td_social_info_counter\">607<\/span><span class=\"td_social_info td_social_info_name\">Followers<\/span><span class=\"td_social_button\"><a href=\"https:\/\/twitter.com\/Peninsula360P\" target=\"_blank\" rel=\"noopener\">Follow<\/a><\/span><\/div><\/div><div class=\"td_social_type td-pb-margin-side td_social_youtube\"><div class=\"td-social-box\"><div class=\"td-sp td-sp-youtube\"><\/div><span class=\"td_social_info td_social_info_counter\">0<\/span><span class=\"td_social_info td_social_info_name\">Subscribers<\/span><span class=\"td_social_button\"><a href=\"https:\/\/www.youtube.com\/https:\/\/www.youtube.com\/https:\/www.youtube.com\/channel\/UCrQVI2cpaB0gQgauzj9__eA\" target=\"_blank\" rel=\"noopener\">Subscribe<\/a><\/span><\/div><\/div><\/div><\/div><\/div><\/div><div class=\"vc_column tdi_13  wpb_column vc_column_container tdc-column td-pb-span4\">\n<style scoped>\n\/* custom css - generated by TagDiv Composer *\/\n\n\/* custom css - generated by TagDiv Composer *\/\n.tdi_13{\r\n                    vertical-align: baseline;\r\n                }.tdi_13 > .wpb_wrapper,\r\n\t\t\t\t.tdi_13 > .wpb_wrapper > .tdc-elements{\r\n\t\t\t\t    display: block;\r\n\t\t\t\t}.tdi_13 > .wpb_wrapper > .tdc-elements{\r\n\t\t\t\t    width: 100%;\r\n\t\t\t\t}.tdi_13 > .wpb_wrapper > .vc_row_inner{\r\n\t\t\t\t    width: auto;\r\n\t\t\t\t}.tdi_13 > .wpb_wrapper{\r\n\t\t\t\t    width: auto;\r\n\t\t\t\t    height: auto;\r\n\t\t\t\t}\n<\/style><div class=\"wpb_wrapper\" ><div class=\"td_block_wrap td_block_title tdi_14 td-pb-border-top td_block_template_8 td-fix-index\"  data-td-block-uid=\"tdi_14\" >\n<style>\n.tdi_14 .td-block-title > *:before,\r\n            .tdi_14 .td-block-title > *:after {\r\n                background-color: #ea1889 !important;\r\n            }\n<\/style>\n<style>\n\/* custom css - generated by TagDiv Composer *\/\nbody .tdi_14 .td-block-title a,\r\n\t\t\t\tbody .tdi_14 .td-block-title span{\r\n\t\t\t\t\tfont-family:Rubik !important;font-size:17px !important;font-weight:500 !important;\r\n\t\t\t\t}\n<\/style><div class=\"td-block-title-wrap\"><h4 class=\"td-block-title\"><span>Cont\u00e1ctanos<\/span><\/h4><\/div><\/div><div class=\"td_block_wrap td_block_text_with_title tdi_15 tagdiv-type td-pb-border-top td_block_template_1\"  data-td-block-uid=\"tdi_15\" >\n<style>\n\/* custom css - generated by TagDiv Composer *\/\n.td_block_text_with_title{\r\n                  margin-bottom: 44px;\r\n                  -webkit-transform: translateZ(0);\r\n                  transform: translateZ(0);\r\n                }.td_block_text_with_title p:last-child{\r\n                  margin-bottom: 0;\r\n                }\n<\/style><div class=\"td-block-title-wrap\"><\/div><div class=\"td_mod_wrap td-fix-index\"><p><strong>Email:<\/strong> <a href=\"mailto:info@peninsula360press.com\">info@peninsula360press.com<\/a><\/p>\n<\/div><\/div><\/div><\/div><div class=\"vc_column tdi_17  wpb_column vc_column_container tdc-column td-pb-span4\">\n<style scoped>\n\/* custom css - generated by TagDiv Composer *\/\n\n\/* custom css - generated by TagDiv Composer *\/\n.tdi_17{\r\n                    vertical-align: baseline;\r\n                }.tdi_17 > .wpb_wrapper,\r\n\t\t\t\t.tdi_17 > .wpb_wrapper > .tdc-elements{\r\n\t\t\t\t    display: block;\r\n\t\t\t\t}.tdi_17 > .wpb_wrapper > .tdc-elements{\r\n\t\t\t\t    width: 100%;\r\n\t\t\t\t}.tdi_17 > .wpb_wrapper > .vc_row_inner{\r\n\t\t\t\t    width: auto;\r\n\t\t\t\t}.tdi_17 > .wpb_wrapper{\r\n\t\t\t\t    width: auto;\r\n\t\t\t\t    height: auto;\r\n\t\t\t\t}\n<\/style><div class=\"wpb_wrapper\" ><div class=\"td_block_wrap td_block_title tdi_18 td-pb-border-top td_block_template_8 td-fix-index\"  data-td-block-uid=\"tdi_18\" >\n<style>\n.tdi_18 .td-block-title > *:before,\r\n            .tdi_18 .td-block-title > *:after {\r\n                background-color: #ea1889 !important;\r\n            }\n<\/style>\n<style>\n\/* custom css - generated by TagDiv Composer *\/\nbody .tdi_18 .td-block-title a,\r\n\t\t\t\tbody .tdi_18 .td-block-title span{\r\n\t\t\t\t\tfont-family:Rubik !important;font-size:17px !important;font-weight:500 !important;\r\n\t\t\t\t}\n<\/style><div class=\"td-block-title-wrap\"><h4 class=\"td-block-title\"><span>Ubicacion<\/span><\/h4><\/div><\/div><div class=\"td_block_wrap td_block_text_with_title tdi_19 tagdiv-type td-pb-border-top td_block_template_1\"  data-td-block-uid=\"tdi_19\" ><div class=\"td-block-title-wrap\"><\/div><div class=\"td_mod_wrap td-fix-index\"><p>Pen\u00ednsula 360 Press medio de comunicaci\u00f3n digital colaborativo con sede en Redwood City, California, noticias locales de inter\u00e9s para la comunidad de SF.<\/p>\n<\/div><\/div><\/div><\/div><\/div><\/div><\/div><\/div>","protected":false},"excerpt":{"rendered":"","protected":false},"author":5,"featured_media":0,"parent":0,"menu_order":0,"comment_status":"closed","ping_status":"closed","template":"","meta":{"footnotes":""},"wf_page_folders":[],"class_list":["post-5947","page","type-page","status-publish"],"_links":{"self":[{"href":"https:\/\/peninsula360press.com\/es_mx\/wp-json\/wp\/v2\/pages\/5947","targetHints":{"allow":["GET"]}}],"collection":[{"href":"https:\/\/peninsula360press.com\/es_mx\/wp-json\/wp\/v2\/pages"}],"about":[{"href":"https:\/\/peninsula360press.com\/es_mx\/wp-json\/wp\/v2\/types\/page"}],"author":[{"embeddable":true,"href":"https:\/\/peninsula360press.com\/es_mx\/wp-json\/wp\/v2\/users\/5"}],"replies":[{"embeddable":true,"href":"https:\/\/peninsula360press.com\/es_mx\/wp-json\/wp\/v2\/comments?post=5947"}],"version-history":[{"count":4,"href":"https:\/\/peninsula360press.com\/es_mx\/wp-json\/wp\/v2\/pages\/5947\/revisions"}],"predecessor-version":[{"id":7538,"href":"https:\/\/peninsula360press.com\/es_mx\/wp-json\/wp\/v2\/pages\/5947\/revisions\/7538"}],"wp:attachment":[{"href":"https:\/\/peninsula360press.com\/es_mx\/wp-json\/wp\/v2\/media?parent=5947"}],"wp:term":[{"taxonomy":"wf_page_folders","embeddable":true,"href":"https:\/\/peninsula360press.com\/es_mx\/wp-json\/wp\/v2\/wf_page_folders?post=5947"}],"curies":[{"name":"wp","href":"https:\/\/api.w.org\/{rel}","templated":true}]}}